{"id":46,"date":"2021-01-25T17:39:31","date_gmt":"2021-01-25T16:39:31","guid":{"rendered":"http:\/\/www.ghibrialicarburanti.it\/IT-it\/?page_id=46"},"modified":"2025-07-24T14:28:46","modified_gmt":"2025-07-24T12:28:46","slug":"noleggio","status":"publish","type":"page","link":"https:\/\/www.ghibrialicarburanti.it\/IT-it\/","title":{"rendered":"Noleggio"},"content":{"rendered":"<div id=\"skt-builder-image-slider-block-317\" class=\"skt-builder-block-wrapper skt-builder-image-slider-block skt-builder-image-slider-block-317\" style=\"background-color: #ffffff; background-image: url(https:\/\/www.ghibrialicarburanti.it\/IT-it\/wp-content\/uploads\/2025\/07\/logo.jpg); padding-bottom: 0px; padding-top: 300px; \">\r\n\t<div class=\"skt-builder-block-inner skt-builder-block-inner-317\" style=\"\">\r\n\t\t<div class=\"skt-builder-container\">\r\n                <div class=\"skt-builder-block-description\"><p><br><\/p><\/div>\r\n\t\t\t<style>\r\n\t\t\t\t.skt-builder-carousel.owl-carousel-317 .owl-nav{font-size: 40px; text-align: right;}\r\n\t\t\t\t.skt-builder-carousel.owl-carousel-317 .owl-prev{color: #000000 !important; margin-right: 15px;}\r\n\t\t\t\t.skt-builder-carousel.owl-carousel-317 .owl-next{color: #000000 !important;}\r\n\t\t\t\t.skt-builder-carousel.owl-carousel-317 .owl-prev:hover, .skt-builder-carousel.owl-carousel-317 .owl-next:hover{color: #A2A2A2 !important;}\r\n\t\t\t\t.skt-builder-carousel.owl-carousel-317 .owl-dots{text-align: center;}\r\n\t\t\t\t.skt-builder-carousel.owl-carousel-317 .owl-dots .owl-dot{background-color: #FFFFFF; border-color: #000000;}\r\n\t\t\t\t.skt-builder-carousel.owl-carousel-317 .owl-dots .owl-dot.active{background-color: #000000; border-color: #000000;}\r\n\t\t\t<\/style>\r\n\t\t\t<div class=\"skt-builder-carousel skt-builder-carousel-bullets-style1 owl-carousel-builder owl-carousel-317\" >\r\n\t\t\t<\/div>\r\n\t\t<\/div>\r\n\t<\/div>\r\n<\/div>\r\n\r\n<script>\r\njQuery(document).ready(function() {\r\n  jQuery('.owl-carousel-317').owlCarousel({\r\n\tmargin: 0,\r\n\tautoplayTimeout: 3000,\r\n\tsmartSpeed: 500,\r\n\tloop: false,\r\n\tautoplay: false,\r\n\tautoplayHoverPause: false,\r\n\tnav: false,\r\n\tdots: true,\r\n\tnavText: ['<span class=\"fa fa-angle-left\"><\/span>','<span class=\"fa fa-angle-right\"><\/span>'],\r\n\tresponsiveClass: true,\r\n\tresponsive:{\r\n        0:{\r\n            items: 1,\r\n        },\r\n        600:{\r\n            items: 1,\r\n        },\r\n        1000:{\r\n            items: 1,\r\n        }\r\n    }\r\n  });\r\n});\r\n<\/script><div id=\"contatti\" class=\"sktbuilder-block sktbuilder-call-to-action\" style=\"background-image: url(https:\/\/www.ghibrialicarburanti.it\/IT-it\/wp-content\/uploads\/2025\/07\/risaia.jpg);\">\r\n        <div class=\"qb-container\">\r\n            <div class=\"sktbuilder-header\">\r\n                <div class=\"sktbuilder-header__description sktbuilder-header__description_color_white\">\r\n                   <p>Serve un periodo pi\u00f9 lungo? Vuoi maggiori informazioni?<\/p>\r\n                <\/div>\r\n            <\/div>\r\n                <div class=\"sktbuilder-button sktbuilder-button-call-to-action\">\r\n                    <a class=\"sktbuilder-button__button sktbuilder-button__button_hdf\" type=\"button\" href=\"tel:800959121\">Numero verde 800 959 121<\/a>\r\n                <\/div>\r\n        <\/div>\r\n<\/div><div id=\"skt-builder-logo-carousel-block-169\" class=\"skt-builder-block-wrapper skt-builder-logo-carousel-block skt-builder-logo-carousel-block-169\" style=\"background-color: #ffffff; background-image: url(); padding-bottom: 50px; padding-top: 0px; \">\r\n\t<div class=\"skt-builder-block-inner skt-builder-block-inner-169\" style=\"\">\r\n\t\t<div class=\"skt-builder-container\">\r\n                <div class=\"skt-builder-block-description\"><h1 class=\"ql-align-center\">La nostra Flotta<\/h1><\/div>\r\n\t\t\t<style>\r\n\t\t\t\t.skt-builder-carousel.owl-carousel-169 .owl-nav{font-size: 40px; text-align: right;}\r\n\t\t\t\t.skt-builder-carousel.owl-carousel-169 .owl-prev{color: #000000 !important; margin-right: 15px;}\r\n\t\t\t\t.skt-builder-carousel.owl-carousel-169 .owl-next{color: #000000 !important;}\r\n\t\t\t\t.skt-builder-carousel.owl-carousel-169 .owl-prev:hover, .skt-builder-carousel.owl-carousel-169 .owl-next:hover{color: #A2A2A2 !important;}\r\n\t\t\t\t.skt-builder-carousel.owl-carousel-169 .owl-dots{text-align: center;}\r\n\t\t\t\t.skt-builder-carousel.owl-carousel-169 .owl-dots .owl-dot{background-color: #FFFFFF; border-color: #000000;}\r\n\t\t\t\t.skt-builder-carousel.owl-carousel-169 .owl-dots .owl-dot.active{background-color: #000000; border-color: #000000;}\r\n\t\t\t<\/style>\r\n\t\t\t<div class=\"skt-builder-carousel skt-builder-carousel-bullets-style2 owl-carousel-builder owl-carousel-169\" style=\"padding-top: 60px;\">\r\n\t\t\t\t\t<div class=\"item\">\r\n\t\t\t\t\t\t\t\r\n\t\t\t\t\t\t\t<img data-recalc-dims=\"1\" decoding=\"async\" src=\"https:\/\/i0.wp.com\/www.ghibrialicarburanti.it\/IT-it\/wp-content\/uploads\/2025\/07\/panda.jpg?w=1200&#038;ssl=1\">\r\n\t\t\t\t\t\t\t\r\n\t\t\t\t\t<\/div>\r\n\t\t\t\t\t<div class=\"item\">\r\n\t\t\t\t\t\t\t\r\n\t\t\t\t\t\t\t<img data-recalc-dims=\"1\" decoding=\"async\" src=\"https:\/\/i0.wp.com\/www.ghibrialicarburanti.it\/IT-it\/wp-content\/uploads\/2025\/07\/500hybrid.jpg?w=1200&#038;ssl=1\">\r\n\t\t\t\t\t\t\t\r\n\t\t\t\t\t<\/div>\r\n\t\t\t\t\t<div class=\"item\">\r\n\t\t\t\t\t\t\t\r\n\t\t\t\t\t\t\t<img data-recalc-dims=\"1\" decoding=\"async\" src=\"https:\/\/i0.wp.com\/www.ghibrialicarburanti.it\/IT-it\/wp-content\/uploads\/2025\/07\/500L.jpg?w=1200&#038;ssl=1\">\r\n\t\t\t\t\t\t\t\r\n\t\t\t\t\t<\/div>\r\n\t\t\t\t\t<div class=\"item\">\r\n\t\t\t\t\t\t\t\r\n\t\t\t\t\t\t\t<img data-recalc-dims=\"1\" decoding=\"async\" src=\"https:\/\/i0.wp.com\/www.ghibrialicarburanti.it\/IT-it\/wp-content\/uploads\/2025\/07\/tipo_sw.jpg?w=1200&#038;ssl=1\">\r\n\t\t\t\t\t\t\t\r\n\t\t\t\t\t<\/div>\r\n\t\t\t\t\t<div class=\"item\">\r\n\t\t\t\t\t\t\t\r\n\t\t\t\t\t\t\t<img data-recalc-dims=\"1\" decoding=\"async\" src=\"https:\/\/i0.wp.com\/www.ghibrialicarburanti.it\/IT-it\/wp-content\/uploads\/2025\/07\/turneo.jpg?w=1200&#038;ssl=1\">\r\n\t\t\t\t\t\t\t\r\n\t\t\t\t\t<\/div>\r\n\t\t\t\t\t<div class=\"item\">\r\n\t\t\t\t\t\t\t\r\n\t\t\t\t\t\t\t<img data-recalc-dims=\"1\" decoding=\"async\" src=\"https:\/\/i0.wp.com\/www.ghibrialicarburanti.it\/IT-it\/wp-content\/uploads\/2025\/07\/transit.jpg?w=1200&#038;ssl=1\">\r\n\t\t\t\t\t\t\t\r\n\t\t\t\t\t<\/div>\r\n\t\t\t<\/div>\r\n\t\t<\/div>\r\n\t<\/div>\r\n<\/div>\r\n\r\n<script>\r\njQuery(document).ready(function() {\r\n  jQuery('.owl-carousel-169').owlCarousel({\r\n\tmargin: 0,\r\n\tautoplayTimeout: 3000,\r\n\tsmartSpeed: 500,\r\n\tloop: true,\r\n\tautoplay: true,\r\n\tautoplayHoverPause: true,\r\n\tnav: true,\r\n\tdots: true,\r\n\tnavText: ['<span class=\"fa fa-angle-left\"><\/span>','<span class=\"fa fa-angle-right\"><\/span>'],\r\n\tresponsiveClass: true,\r\n\tresponsive:{\r\n        0:{\r\n            items: 1,\r\n        },\r\n        600:{\r\n            items: 2,\r\n        },\r\n        1000:{\r\n            items: 4,\r\n        }\r\n    }\r\n  });\r\n});\r\n<\/script><div id=\"skt-builder-menu-block-304\" class=\"skt-builder-block-wrapper skt-builder-menu-block skt-builder-menu-block-304\" style=\"background-color: #ffffff; background-image: url(); padding-bottom: 60px; padding-top: 0px; \">\r\n\t<div class=\"skt-builder-block-inner skt-builder-block-inner-304\" style=\"\">\r\n\t\t<div class=\"skt-builder-container\">\r\n        \t<style>\r\n            \t.skt-builder-menu-block-304 .skt-builder-block-column-button{background-color: #f58231; color: #ffffff;}\r\n\t\t\t\t.skt-builder-menu-block-304 .skt-builder-block-column-button:hover{background-color: #282828; color: #ffffff;}\r\n            <\/style>\r\n                <div class=\"skt-builder-block-description\"><h4>Noleggio auto e furgoni: la soluzione ideale per trasporti, viaggi e traslochi<\/h4><p>Cerchi un servizio di noleggio auto o furgoni affidabile e conveniente? Che tu debba affrontare un trasloco, trasportare merci o semplicemente viaggiare in totale libert\u00e0, il nostro servizio di noleggio veicoli \u00e8 la risposta giusta.<\/p><p>Offriamo un\u2019ampia gamma di autovetture a noleggio, dai modelli compatti perfetti per la citt\u00e0 alle berline spaziose per viaggi pi\u00f9 lunghi. Se invece hai bisogno di maggiore capacit\u00e0 di carico, puoi scegliere tra furgoni di varie dimensioni e camion per il trasporto merci o materiali ingombranti.<\/p><p>Tutti i nostri veicoli sono regolarmente controllati e mantenuti, per garantire massima sicurezza e affidabilit\u00e0 su strada.<\/p><p class=\"ql-align-justify\">Con noleggi flessibili, tariffe competitive e un servizio clienti sempre disponibile, ti offriamo un\u2019esperienza di noleggio semplice, comoda e su misura.<\/p><\/div>\r\n\t\t\t<div class=\"skt-builder-columns-row skt-builder-columns-row-2column\">\r\n\t\t\t\t\t<div class=\"skt-builder-column skt-builder-menu-column skt-builder-menu-column-306\">\r\n                    \t<style>\r\n\t\t\t\t\t\t\t.skt-builder-menu-column-306 .skt-builder-menu-column-title a:hover{color: #84dcc6 !important;}\r\n\t\t\t\t\t\t<\/style>\r\n                    \t<div class=\"skt-builder-column-inner\">\r\n                        \t<a href=\"#\" ><img data-recalc-dims=\"1\" decoding=\"async\" class=\"skt-builder-menu-column-image\" src=\"https:\/\/i0.wp.com\/www.ghibrialicarburanti.it\/IT-it\/wp-content\/uploads\/2025\/07\/panda.jpg?w=1200&#038;ssl=1\"><\/a>\r\n                        \t<div class=\"skt-builder-menu-column-info\">\r\n                        \t\t<h3 class=\"skt-builder-menu-column-title\"><a href=\"#\" style=\"color: #282828;\" >UTILITARIA a partire da:<\/a><\/h3>\r\n                                <span class=\"skt-builder-menu-column-price\" style=\"color: #9437fd;\">\u20ac 50,00<\/span>\r\n                            <\/div>\r\n                            <div class=\"skt-builder-menu-column-description\" style=\"color: #808b98;\"><p>Auto compatta, economica nei consumi, perfetta per la citt\u00e0. Facile da parcheggiare, affidabile, pratica e conveniente per brevi viaggi.<\/p><\/div>\r\n                        <\/div>\r\n\t\t\t\t\t<\/div>\r\n\t\t\t\t\t<div class=\"skt-builder-column skt-builder-menu-column skt-builder-menu-column-310\">\r\n                    \t<style>\r\n\t\t\t\t\t\t\t.skt-builder-menu-column-310 .skt-builder-menu-column-title a:hover{color: #84dcc6 !important;}\r\n\t\t\t\t\t\t<\/style>\r\n                    \t<div class=\"skt-builder-column-inner\">\r\n                        \t<a href=\"#\" ><img data-recalc-dims=\"1\" decoding=\"async\" class=\"skt-builder-menu-column-image\" src=\"https:\/\/i0.wp.com\/www.ghibrialicarburanti.it\/IT-it\/wp-content\/uploads\/2025\/07\/tipo_sw.jpg?w=1200&#038;ssl=1\"><\/a>\r\n                        \t<div class=\"skt-builder-menu-column-info\">\r\n                        \t\t<h3 class=\"skt-builder-menu-column-title\"><a href=\"#\" style=\"color: #282828;\" >MEDIA a partire da:<\/a><\/h3>\r\n                                <span class=\"skt-builder-menu-column-price\" style=\"color: #9437fd;\">\u20ac 70,00<\/span>\r\n                            <\/div>\r\n                            <div class=\"skt-builder-menu-column-description\" style=\"color: #808b98;\"><p>Auto spaziosa ed economica, ideale per famiglie e lunghi viaggi. Buoni consumi, comfort a bordo, bagagliaio capiente, guida affidabile.<\/p><\/div>\r\n                        <\/div>\r\n\t\t\t\t\t<\/div>\r\n\t\t\t\t\t<div class=\"skt-builder-column skt-builder-menu-column skt-builder-menu-column-313\">\r\n                    \t<style>\r\n\t\t\t\t\t\t\t.skt-builder-menu-column-313 .skt-builder-menu-column-title a:hover{color: #84dcc6 !important;}\r\n\t\t\t\t\t\t<\/style>\r\n                    \t<div class=\"skt-builder-column-inner\">\r\n                        \t<a href=\"#\" ><img data-recalc-dims=\"1\" decoding=\"async\" class=\"skt-builder-menu-column-image\" src=\"https:\/\/i0.wp.com\/www.ghibrialicarburanti.it\/IT-it\/wp-content\/uploads\/2025\/07\/turneo.jpg?w=1200&#038;ssl=1\"><\/a>\r\n                        \t<div class=\"skt-builder-menu-column-info\">\r\n                        \t\t<h3 class=\"skt-builder-menu-column-title\"><a href=\"#\" style=\"color: #282828;\" >8 POSTI a partire da:<\/a><\/h3>\r\n                                <span class=\"skt-builder-menu-column-price\" style=\"color: #9437fd;\">\u20ac 150,00<\/span>\r\n                            <\/div>\r\n                            <div class=\"skt-builder-menu-column-description\" style=\"color: #808b98;\"><p>Minivan 8 posti con cambio automatico, ideale per gruppi o famiglie. Comodo, spazioso, facile da guidare, perfetto per viaggi lunghi.<\/p><\/div>\r\n                        <\/div>\r\n\t\t\t\t\t<\/div>\r\n\t\t\t\t\t<div class=\"skt-builder-column skt-builder-menu-column skt-builder-menu-column-316\">\r\n                    \t<style>\r\n\t\t\t\t\t\t\t.skt-builder-menu-column-316 .skt-builder-menu-column-title a:hover{color: #84dcc6 !important;}\r\n\t\t\t\t\t\t<\/style>\r\n                    \t<div class=\"skt-builder-column-inner\">\r\n                        \t<a href=\"#\" ><img data-recalc-dims=\"1\" decoding=\"async\" class=\"skt-builder-menu-column-image\" src=\"https:\/\/i0.wp.com\/www.ghibrialicarburanti.it\/IT-it\/wp-content\/uploads\/2025\/07\/transit.jpg?w=1200&#038;ssl=1\"><\/a>\r\n                        \t<div class=\"skt-builder-menu-column-info\">\r\n                        \t\t<h3 class=\"skt-builder-menu-column-title\"><a href=\"#\" style=\"color: #282828;\" >FURGONE PICCOLO da:<\/a><\/h3>\r\n                                <span class=\"skt-builder-menu-column-price\" style=\"color: #9437fd;\">\u20ac 100,00<\/span>\r\n                            <\/div>\r\n                            <div class=\"skt-builder-menu-column-description\" style=\"color: #808b98;\"><p>Furgone compatto, pratico per trasporti leggeri in citt\u00e0. Facile da guidare e parcheggiare, economico nei consumi, spazio ottimizzato. (misure interne cm. H 144 L 255)<\/p><\/div>\r\n                        <\/div>\r\n\t\t\t\t\t<\/div>\r\n\t\t\t\t\t<div class=\"skt-builder-column skt-builder-menu-column skt-builder-menu-column-319\">\r\n                    \t<style>\r\n\t\t\t\t\t\t\t.skt-builder-menu-column-319 .skt-builder-menu-column-title a:hover{color: #84dcc6 !important;}\r\n\t\t\t\t\t\t<\/style>\r\n                    \t<div class=\"skt-builder-column-inner\">\r\n                        \t<a href=\"#\" ><img data-recalc-dims=\"1\" decoding=\"async\" class=\"skt-builder-menu-column-image\" src=\"https:\/\/i0.wp.com\/www.ghibrialicarburanti.it\/IT-it\/wp-content\/uploads\/2025\/07\/ducato.jpg?w=1200&#038;ssl=1\"><\/a>\r\n                        \t<div class=\"skt-builder-menu-column-info\">\r\n                        \t\t<h3 class=\"skt-builder-menu-column-title\"><a href=\"#\" style=\"color: #282828;\" >FURGONE MEDIO da:<\/a><\/h3>\r\n                                <span class=\"skt-builder-menu-column-price\" style=\"color: #9437fd;\">\u20ac 130,00<\/span>\r\n                            <\/div>\r\n                            <div class=\"skt-builder-menu-column-description\" style=\"color: #808b98;\"><p>Furgone medio versatile, ideale per traslochi o lavori. Buona capacit\u00e0 di carico, guida confortevole, maneggevole e adatto a medie distanze.(misure interne cm. H 190 L 300)<\/p><\/div>\r\n                        <\/div>\r\n\t\t\t\t\t<\/div>\r\n\t\t\t\t\t<div class=\"skt-builder-column skt-builder-menu-column skt-builder-menu-column-322\">\r\n                    \t<style>\r\n\t\t\t\t\t\t\t.skt-builder-menu-column-322 .skt-builder-menu-column-title a:hover{color: #84dcc6 !important;}\r\n\t\t\t\t\t\t<\/style>\r\n                    \t<div class=\"skt-builder-column-inner\">\r\n                        \t<a href=\"#\" ><img data-recalc-dims=\"1\" decoding=\"async\" class=\"skt-builder-menu-column-image\" src=\"https:\/\/i0.wp.com\/www.ghibrialicarburanti.it\/IT-it\/wp-content\/uploads\/2025\/07\/ducato.jpg?w=1200&#038;ssl=1\"><\/a>\r\n                        \t<div class=\"skt-builder-menu-column-info\">\r\n                        \t\t<h3 class=\"skt-builder-menu-column-title\"><a href=\"#\" style=\"color: #282828;\" >FURGONE GRANDE da:<\/a><\/h3>\r\n                                <span class=\"skt-builder-menu-column-price\" style=\"color: #9437fd;\">\u20ac 150,00<\/span>\r\n                            <\/div>\r\n                            <div class=\"skt-builder-menu-column-description\" style=\"color: #808b98;\"><p>Furgone grande con ampio spazio di carico, perfetto per traslochi o trasporti voluminosi. Robusto, affidabile, ideale per lunghi tragitti. (misure interne cm. H 190 L 320)<\/p><\/div>\r\n                        <\/div>\r\n\t\t\t\t\t<\/div>\r\n\t\t\t<\/div>\r\n            <div class=\"skt-builder-block-column-button-wrap\" style=\"top: 0px;\"><a sty class=\"skt-builder-block-column-button\" href=\"tel:800959121\" >CONTATTACI<\/a><\/div>\r\n\t\t<\/div>\r\n\t<\/div>\r\n<\/div><!-- sktbuilder starter --><script type=\"text\/javascript\" src=\"https:\/\/www.ghibrialicarburanti.it\/IT-it\/wp-content\/plugins\/skt-builder\/sktbuilder\/sktbuilder-frontend-starter.js\"><\/script><script type=\"text\/javascript\" src=\"https:\/\/www.ghibrialicarburanti.it\/IT-it\/wp-content\/plugins\/skt-builder\/sktbuilder-wordpress-driver.js\"><\/script><script type=\"text\/javascript\"> var starter = new SktbuilderStarter({\"mode\": \"prod\", \"skip\":[\"jquery\",\"underscore\",\"backbone\"],\"sktbuilderUrl\": \"https:\/\/www.ghibrialicarburanti.it\/IT-it\/wp-content\/plugins\/skt-builder\/sktbuilder\/\", \"driver\": new SktbuilderWordpressDriver({\"ajaxUrl\": \"https:\/\/www.ghibrialicarburanti.it\/IT-it\/wp-admin\/admin-ajax.php\", \"iframeUrl\": \"https:\/\/www.ghibrialicarburanti.it\/IT-it\/?sktbuilder=true\", \"pageId\": 46,  \"nonce\": \"a94d0fbedb\", \"pages\": [{\"title\":\"HOME\",\"url\":\"https:\\\/\\\/www.ghibrialicarburanti.it\\\/IT-it\\\/wp-admin\\\/post.php?post=54&action=sktbuilder\"},{\"title\":\"CONTATTI\",\"url\":\"https:\\\/\\\/www.ghibrialicarburanti.it\\\/IT-it\\\/wp-admin\\\/post.php?post=136&action=sktbuilder\"},{\"title\":\"Noleggio a Lungo Termine\",\"url\":\"https:\\\/\\\/www.ghibrialicarburanti.it\\\/IT-it\\\/wp-admin\\\/post.php?post=189&action=sktbuilder\"}], \"page\": \"Noleggio\" }) });<\/script><!-- end sktbuilder starter -->","protected":false},"excerpt":{"rendered":"<p>Serve un periodo pi\u00f9 lungo? Vuoi maggiori informazioni? Numero verde 800 959 121 La nostra Flotta Noleggio auto e furgoni: la soluzione ideale per trasporti, viaggi e traslochiCerchi un servizio di noleggio auto o furgoni affidabile e conveniente? Che tu debba affrontare un trasloco, trasportare merci o semplicemente viaggiare in totale libert\u00e0, il nostro servizio&hellip;&nbsp;<a href=\"https:\/\/www.ghibrialicarburanti.it\/IT-it\/\" class=\"\" rel=\"bookmark\">Leggi tutto &raquo;<span class=\"screen-reader-text\">Noleggio<\/span><\/a><\/p>\n","protected":false},"author":2,"featured_media":0,"parent":0,"menu_order":0,"comment_status":"closed","ping_status":"closed","template":"","meta":{"neve_meta_sidebar":"","neve_meta_container":"","neve_meta_enable_content_width":"off","neve_meta_content_width":0,"neve_meta_title_alignment":"","neve_meta_author_avatar":"","neve_post_elements_order":"","neve_meta_disable_header":"","neve_meta_disable_footer":"","neve_meta_disable_title":"","_themeisle_gutenberg_block_has_review":false,"footnotes":""},"class_list":["post-46","page","type-page","status-publish","hentry"],"jetpack_sharing_enabled":true,"_links":{"self":[{"href":"https:\/\/www.ghibrialicarburanti.it\/IT-it\/wp-json\/wp\/v2\/pages\/46","targetHints":{"allow":["GET"]}}],"collection":[{"href":"https:\/\/www.ghibrialicarburanti.it\/IT-it\/wp-json\/wp\/v2\/pages"}],"about":[{"href":"https:\/\/www.ghibrialicarburanti.it\/IT-it\/wp-json\/wp\/v2\/types\/page"}],"author":[{"embeddable":true,"href":"https:\/\/www.ghibrialicarburanti.it\/IT-it\/wp-json\/wp\/v2\/users\/2"}],"replies":[{"embeddable":true,"href":"https:\/\/www.ghibrialicarburanti.it\/IT-it\/wp-json\/wp\/v2\/comments?post=46"}],"version-history":[{"count":29,"href":"https:\/\/www.ghibrialicarburanti.it\/IT-it\/wp-json\/wp\/v2\/pages\/46\/revisions"}],"predecessor-version":[{"id":181,"href":"https:\/\/www.ghibrialicarburanti.it\/IT-it\/wp-json\/wp\/v2\/pages\/46\/revisions\/181"}],"wp:attachment":[{"href":"https:\/\/www.ghibrialicarburanti.it\/IT-it\/wp-json\/wp\/v2\/media?parent=46"}],"curies":[{"name":"wp","href":"https:\/\/api.w.org\/{rel}","templated":true}]}}